{"id":3,"date":"2024-07-03T17:29:36","date_gmt":"2024-07-03T17:29:36","guid":{"rendered":"https:\/\/dropy.app\/?page_id=3"},"modified":"2026-04-18T20:04:57","modified_gmt":"2026-04-18T20:04:57","slug":"privacy-policy","status":"publish","type":"page","link":"https:\/\/dropy.app\/fr\/privacy-policy\/","title":{"rendered":"politique de confidentialit\u00e9"},"content":{"rendered":"<div data-elementor-type=\"wp-page\" data-elementor-id=\"3\" class=\"elementor elementor-3\" data-elementor-post-type=\"page\">\n\t\t\t\t<div class=\"elementor-element elementor-element-9878542 e-flex e-con-boxed e-con e-parent\" data-id=\"9878542\" data-element_type=\"container\" data-e-type=\"container\">\n\t\t\t\t\t<div class=\"e-con-inner\">\n\t\t\t\t<div class=\"elementor-element elementor-element-7cf0b45 elementor-widget elementor-widget-heading\" data-id=\"7cf0b45\" data-element_type=\"widget\" data-e-type=\"widget\" data-widget_type=\"heading.default\">\n\t\t\t\t\t<h1 class=\"elementor-heading-title elementor-size-default\">politique de confidentialit\u00e9<\/h1>\t\t\t\t<\/div>\n\t\t\t\t\t<\/div>\n\t\t\t\t<\/div>\n\t\t<div class=\"elementor-element elementor-element-95ecac1 e-flex e-con-boxed e-con e-parent\" data-id=\"95ecac1\" data-element_type=\"container\" data-e-type=\"container\" data-settings=\"{&quot;background_background&quot;:&quot;classic&quot;}\">\n\t\t\t\t\t<div class=\"e-con-inner\">\n\t\t\t\t<div class=\"elementor-element elementor-element-d197f32 elementor-widget elementor-widget-text-editor\" data-id=\"d197f32\" data-element_type=\"widget\" data-e-type=\"widget\" data-widget_type=\"text-editor.default\">\n\t\t\t\t\t\t\t\t\t\n<p data-start=\"700\" data-end=\"862\">Bienvenue sur Dropy (\u00ab nous \u00bb, \u00ab notre \u00bb, \u00ab nos \u00bb). Nous nous engageons \u00e0 prot\u00e9ger votre vie priv\u00e9e et \u00e0 garantir la s\u00e9curit\u00e9 et la confidentialit\u00e9 de vos informations personnelles.<\/p>\n<p data-start=\"864\" data-end=\"1047\">Cette politique de confidentialit\u00e9 explique comment nous recueillons, utilisons, divulguons et prot\u00e9geons vos informations lorsque vous visitez notre site Web, utilisez notre plateforme, demandez une d\u00e9monstration ou interagissez avec nos services.<\/p>\n<h2 class=\"wp-block-heading\" data-section-id=\"1snehqy\" data-start=\"1049\" data-end=\"1077\">1. Informations que nous recueillons<\/h2>\n<p data-start=\"1079\" data-end=\"1134\">Nous pouvons collecter les cat\u00e9gories d'informations suivantes\u00a0:<\/p>\n<h3 data-section-id=\"wsm8yl\" data-start=\"1136\" data-end=\"1163\">a. Informations personnelles<\/h3>\n<ul data-start=\"1164\" data-end=\"1279\">\n<li data-section-id=\"apwdks\" data-start=\"1164\" data-end=\"1177\">Nom et pr\u00e9nom<\/li>\n<li data-section-id=\"wk4jiq\" data-start=\"1178\" data-end=\"1195\">Adresse email<\/li>\n<li data-section-id=\"1tzdck7\" data-start=\"1196\" data-end=\"1212\">Num\u00e9ro de t\u00e9l\u00e9phone<\/li>\n<li data-section-id=\"1oqw3fg\" data-start=\"1213\" data-end=\"1244\">Nom de l'entreprise\/de l'organisation<\/li>\n<li data-section-id=\"17201kf\" data-start=\"1245\" data-end=\"1258\">Titre d'emploi<\/li>\n<li data-section-id=\"tef6rb\" data-start=\"1259\" data-end=\"1279\">Pays \/ R\u00e9gion<\/li>\n<\/ul>\n<h3 data-section-id=\"1hum4wl\" data-start=\"1281\" data-end=\"1309\">b. Informations techniques<\/h3>\n<ul data-start=\"1310\" data-end=\"1439\">\n<li data-section-id=\"btxcx3\" data-start=\"1310\" data-end=\"1324\">Adresse IP<\/li>\n<li data-section-id=\"1cg95ss\" data-start=\"1325\" data-end=\"1341\">Type de navigateur<\/li>\n<li data-section-id=\"4xakv0\" data-start=\"1342\" data-end=\"1364\">Informations sur l'appareil<\/li>\n<li data-section-id=\"xqmn2o\" data-start=\"1365\" data-end=\"1385\">Syst\u00e8me op\u00e9rateur<\/li>\n<li data-section-id=\"19qby9y\" data-start=\"1386\" data-end=\"1408\">donn\u00e9es d'utilisation du site Web<\/li>\n<li data-section-id=\"1exffrm\" data-start=\"1409\" data-end=\"1439\">Cookies et donn\u00e9es analytiques<\/li>\n<\/ul>\n<h3 data-section-id=\"a4zlr7\" data-start=\"1441\" data-end=\"1464\">c. Donn\u00e9es op\u00e9rationnelles<\/h3>\n<p data-start=\"1465\" data-end=\"1537\">Si vous utilisez notre plateforme, nous pouvons traiter des informations op\u00e9rationnelles telles que\u00a0:<\/p>\n<ul data-start=\"1538\" data-end=\"1650\">\n<li data-section-id=\"14obrib\" data-start=\"1538\" data-end=\"1558\">Rapports d'incidents<\/li>\n<li data-section-id=\"14nuhhk\" data-start=\"1559\" data-end=\"1576\">Donn\u00e9es d'exp\u00e9dition<\/li>\n<li data-section-id=\"y363fg\" data-start=\"1577\" data-end=\"1594\">Journaux de r\u00e9ponses<\/li>\n<li data-section-id=\"1eu8bsd\" data-start=\"1595\" data-end=\"1623\">dossiers de r\u00e9cup\u00e9ration de v\u00e9hicules<\/li>\n<li data-section-id=\"106kxnw\" data-start=\"1624\" data-end=\"1650\">Donn\u00e9es relatives aux flux de travail internes<\/li>\n<\/ul>\n<h2 data-section-id=\"djgfzo\" data-start=\"1652\" data-end=\"1680\">2. Comment nous utilisons les informations<\/h2>\n<p data-start=\"1682\" data-end=\"1714\">Nous utilisons les informations collect\u00e9es pour\u00a0:<\/p>\n<ul data-start=\"1716\" data-end=\"2000\">\n<li data-section-id=\"f435kf\" data-start=\"1716\" data-end=\"1753\">Fournir et maintenir nos services<\/li>\n<li data-section-id=\"1dbe2fy\" data-start=\"1754\" data-end=\"1793\">R\u00e9pondre aux demandes de d\u00e9monstration ou de contact<\/li>\n<li data-section-id=\"ow5qt1\" data-start=\"1794\" data-end=\"1826\">Am\u00e9liorer les performances de la plateforme<\/li>\n<li data-section-id=\"17bthy5\" data-start=\"1827\" data-end=\"1868\">Renforcer la s\u00e9curit\u00e9 et la pr\u00e9vention des fraudes<\/li>\n<li data-section-id=\"1iwni7s\" data-start=\"1869\" data-end=\"1912\">Communiquer les mises \u00e0 jour et les avis de service<\/li>\n<li data-section-id=\"m4gks\" data-start=\"1913\" data-end=\"1946\">Respectez vos obligations l\u00e9gales.<\/li>\n<li data-section-id=\"dyr5ke\" data-start=\"1947\" data-end=\"2000\">Analysez les tendances d'utilisation et optimisez l'exp\u00e9rience utilisateur.<\/li>\n<\/ul>\n<h2 data-section-id=\"nhip4x\" data-start=\"2002\" data-end=\"2034\">3. Base juridique du traitement<\/h2>\n<p data-start=\"2036\" data-end=\"2106\">Lorsque cela est applicable en vertu du RGPD ou de lois similaires, nous traitons les donn\u00e9es sur la base des \u00e9l\u00e9ments suivants\u00a0:<\/p>\n<ul data-start=\"2108\" data-end=\"2201\">\n<li data-section-id=\"18ybt2j\" data-start=\"2108\" data-end=\"2133\">n\u00e9cessit\u00e9 contractuelle<\/li>\n<li data-section-id=\"3oplwc\" data-start=\"2134\" data-end=\"2167\">Int\u00e9r\u00eats commerciaux l\u00e9gitimes<\/li>\n<li data-section-id=\"jladuu\" data-start=\"2168\" data-end=\"2179\">Consentement<\/li>\n<li data-section-id=\"14ki156\" data-start=\"2180\" data-end=\"2201\">Obligations l\u00e9gales<\/li>\n<\/ul>\n<h2 data-section-id=\"mjv9bm\" data-start=\"2203\" data-end=\"2231\">4. Partage d'informations<\/h2>\n<p data-start=\"2233\" data-end=\"2262\">Nous ne vendons pas de donn\u00e9es personnelles.<\/p>\n<p data-start=\"2264\" data-end=\"2294\">Nous pouvons partager des informations avec\u00a0:<\/p>\n<ul data-start=\"2296\" data-end=\"2506\">\n<li data-section-id=\"1oetv8y\" data-start=\"2296\" data-end=\"2325\">Fournisseurs de services de confiance<\/li>\n<li data-section-id=\"b29lst\" data-start=\"2326\" data-end=\"2363\">Partenaires d'h\u00e9bergement et d'infrastructure<\/li>\n<li data-section-id=\"i4acb0\" data-start=\"2364\" data-end=\"2387\">Fournisseurs d'analyse<\/li>\n<li data-section-id=\"1ubnvoo\" data-start=\"2388\" data-end=\"2444\">Les autorit\u00e9s gouvernementales ou l\u00e9gales lorsque la loi l'exige<\/li>\n<li data-section-id=\"hy2ea5\" data-start=\"2445\" data-end=\"2506\">Clients utilisant la plateforme dans le cadre d'accords contractuels<\/li>\n<\/ul>\n<h2 data-section-id=\"1p5yi8o\" data-start=\"2508\" data-end=\"2527\">5. S\u00e9curit\u00e9 des donn\u00e9es<\/h2>\n<p data-start=\"2529\" data-end=\"2592\">Nous mettons en \u0153uvre des mesures de protection techniques et organisationnelles, notamment\u00a0:<\/p>\n<ul data-start=\"2594\" data-end=\"2711\">\n<li data-section-id=\"sht2ug\" data-start=\"2594\" data-end=\"2625\">transmission de donn\u00e9es crypt\u00e9es<\/li>\n<li data-section-id=\"12m4mk8\" data-start=\"2626\" data-end=\"2645\">Contr\u00f4les d'acc\u00e8s<\/li>\n<li data-section-id=\"1b8aeex\" data-start=\"2646\" data-end=\"2677\">Environnements d'h\u00e9bergement s\u00e9curis\u00e9s<\/li>\n<li data-section-id=\"143eily\" data-start=\"2678\" data-end=\"2711\">Contr\u00f4les de surveillance et d'audit<\/li>\n<\/ul>\n<p data-start=\"2713\" data-end=\"2747\">Cependant, aucun syst\u00e8me n'est s\u00e9curis\u00e9 \u00e0 100 %.<\/p>\n<h2 data-section-id=\"1vgfduh\" data-start=\"2749\" data-end=\"2769\">6. Conservation des donn\u00e9es<\/h2>\n<p data-start=\"2771\" data-end=\"2816\">Nous ne conservons les donn\u00e9es que pendant la dur\u00e9e n\u00e9cessaire pour\u00a0:<\/p>\n<ul data-start=\"2818\" data-end=\"2920\">\n<li data-section-id=\"mtbb3d\" data-start=\"2818\" data-end=\"2838\">Prestation de services<\/li>\n<li data-section-id=\"1qk9awm\" data-start=\"2839\" data-end=\"2859\">Conformit\u00e9 l\u00e9gale<\/li>\n<li data-section-id=\"1t5sgpv\" data-start=\"2860\" data-end=\"2887\">Obligations contractuelles<\/li>\n<li data-section-id=\"x5wmem\" data-start=\"2888\" data-end=\"2920\">besoins op\u00e9rationnels l\u00e9gitimes<\/li>\n<\/ul>\n<h2 data-section-id=\"i8ta1q\" data-start=\"2922\" data-end=\"2939\">7. Vos droits<\/h2>\n<p data-start=\"2941\" data-end=\"2996\">Selon votre juridiction, vous pouvez avoir des droits \u00e0\u00a0:<\/p>\n<ul data-start=\"2998\" data-end=\"3153\">\n<li data-section-id=\"ol3wwd\" data-start=\"2998\" data-end=\"3018\">Acc\u00e9dez \u00e0 vos donn\u00e9es<\/li>\n<li data-section-id=\"1s60vg7\" data-start=\"3019\" data-end=\"3046\">Corriger les donn\u00e9es inexactes<\/li>\n<li data-section-id=\"1hax0ch\" data-start=\"3047\" data-end=\"3062\">Supprimer les donn\u00e9es<\/li>\n<li data-section-id=\"1dq4msf\" data-start=\"3063\" data-end=\"3086\">Restreindre le traitement<\/li>\n<li data-section-id=\"1h52t71\" data-start=\"3087\" data-end=\"3111\">Opposition au traitement<\/li>\n<li data-section-id=\"13jg4df\" data-start=\"3112\" data-end=\"3132\">portabilit\u00e9 des donn\u00e9es<\/li>\n<li data-section-id=\"t1p9tw\" data-start=\"3133\" data-end=\"3153\">Retirer mon consentement<\/li>\n<\/ul>\n<p data-start=\"3155\" data-end=\"3192\">Pour exercer vos droits, contactez-nous ci-dessous.<\/p>\n<h2 data-section-id=\"3elzhg\" data-start=\"3194\" data-end=\"3207\">8. Cookies<\/h2>\n<p data-start=\"3209\" data-end=\"3294\">Nous pouvons utiliser des cookies et des technologies similaires \u00e0 des fins d'analyse, de pr\u00e9f\u00e9rences et de s\u00e9curit\u00e9.<\/p>\n<p data-start=\"3296\" data-end=\"3345\">Vous pouvez d\u00e9sactiver les cookies via les param\u00e8tres de votre navigateur.<\/p>\n<h2 data-section-id=\"1auhjao\" data-start=\"3347\" data-end=\"3376\">9. Transferts internationaux<\/h2>\n<p data-start=\"3378\" data-end=\"3514\">Lorsque des donn\u00e9es sont transf\u00e9r\u00e9es \u00e0 l'international, nous utilisons des garanties appropri\u00e9es telles que des protections contractuelles ou des m\u00e9canismes juridiques \u00e9quivalents.<\/p>\n<h2 data-section-id=\"1jtta6x\" data-start=\"3516\" data-end=\"3540\">10. Liens tiers<\/h2>\n<p data-start=\"3542\" data-end=\"3636\">Notre site web peut contenir des liens vers des sites tiers. Nous ne sommes pas responsables de leurs pratiques en mati\u00e8re de confidentialit\u00e9.<\/p>\n<h2 data-section-id=\"5y3ru5\" data-start=\"3638\" data-end=\"3655\">11. Contactez-nous<\/h2>\n<p data-start=\"3657\" data-end=\"3687\">Pour toute question relative \u00e0 la protection de la vie priv\u00e9e\u00a0:<\/p>\n<p data-start=\"3689\" data-end=\"3767\"><strong data-start=\"3689\" data-end=\"3699\">E-mail: <\/strong><a href=\"mailto:contact@dropy.app\">contact@dropy.app<\/a><br \/><strong data-start=\"3717\" data-end=\"3729\">Entreprise:<\/strong> Dropy<br data-start=\"3735\" data-end=\"3738\" \/><strong data-start=\"3738\" data-end=\"3750\">Adresse: <\/strong>2 Rue Simone Veil, 93400<br \/>Saint-Ouen-sur-Seine<\/p>\t\t\t\t\t\t\t\t<\/div>\n\t\t\t\t\t<\/div>\n\t\t\t\t<\/div>\n\t\t\t\t<\/div>","protected":false},"excerpt":{"rendered":"<p>Privacy Policy Welcome to Dropy (\u201cwe,\u201d \u201cour,\u201d \u201cus\u201d). We are committed to protecting your privacy and ensuring that your personal information is handled securely and responsibly. This Privacy Policy explains how we collect, use, disclose, and safeguard your information when you visit our website, use our platform, request a demo, or interact with our services. [&hellip;]<\/p>\n","protected":false},"author":1,"featured_media":1288,"parent":0,"menu_order":0,"comment_status":"closed","ping_status":"closed","template":"elementor_header_footer","meta":{"footnotes":""},"class_list":["post-3","page","type-page","status-publish","has-post-thumbnail","hentry"],"yoast_head":"<!-- This site is optimized with the Yoast SEO plugin v27.5 - https:\/\/yoast.com\/product\/yoast-seo-wordpress\/ -->\n<title>Privacy Policy | Dropy<\/title>\n<meta name=\"description\" content=\"Information about how Dropy collects and processes personal data on this website.\" \/>\n<meta name=\"robots\" content=\"index, follow, max-snippet:-1, max-image-preview:large, max-video-preview:-1\" \/>\n<link rel=\"canonical\" href=\"https:\/\/dropy.app\/fr\/privacy-policy\/\" \/>\n<meta property=\"og:locale\" content=\"fr_FR\" \/>\n<meta property=\"og:type\" content=\"article\" \/>\n<meta property=\"og:title\" content=\"Privacy Policy | Dropy\" \/>\n<meta property=\"og:description\" content=\"Information about how Dropy collects and processes personal data on this website.\" \/>\n<meta property=\"og:url\" content=\"https:\/\/dropy.app\/fr\/privacy-policy\/\" \/>\n<meta property=\"og:site_name\" content=\"Dropy\" \/>\n<meta property=\"article:modified_time\" content=\"2026-04-18T20:04:57+00:00\" \/>\n<meta property=\"og:image\" content=\"https:\/\/dropy.app\/wp-content\/uploads\/2026\/04\/dropy-app-1.png\" \/>\n\t<meta property=\"og:image:width\" content=\"1385\" \/>\n\t<meta property=\"og:image:height\" content=\"728\" \/>\n\t<meta property=\"og:image:type\" content=\"image\/png\" \/>\n<meta name=\"twitter:card\" content=\"summary_large_image\" \/>\n<meta name=\"twitter:label1\" content=\"Dur\u00e9e de lecture estim\u00e9e\" \/>\n\t<meta name=\"twitter:data1\" content=\"2 minutes\" \/>\n<script type=\"application\/ld+json\" class=\"yoast-schema-graph\">{\"@context\":\"https:\\\/\\\/schema.org\",\"@graph\":[{\"@type\":\"WebPage\",\"@id\":\"https:\\\/\\\/dropy.app\\\/privacy-policy\\\/\",\"url\":\"https:\\\/\\\/dropy.app\\\/privacy-policy\\\/\",\"name\":\"Privacy Policy | Dropy\",\"isPartOf\":{\"@id\":\"https:\\\/\\\/dropy.app\\\/#website\"},\"primaryImageOfPage\":{\"@id\":\"https:\\\/\\\/dropy.app\\\/privacy-policy\\\/#primaryimage\"},\"image\":{\"@id\":\"https:\\\/\\\/dropy.app\\\/privacy-policy\\\/#primaryimage\"},\"thumbnailUrl\":\"https:\\\/\\\/dropy.app\\\/wp-content\\\/uploads\\\/2026\\\/04\\\/dropy-app-1.png\",\"datePublished\":\"2024-07-03T17:29:36+00:00\",\"dateModified\":\"2026-04-18T20:04:57+00:00\",\"description\":\"Information about how Dropy collects and processes personal data on this website.\",\"breadcrumb\":{\"@id\":\"https:\\\/\\\/dropy.app\\\/privacy-policy\\\/#breadcrumb\"},\"inLanguage\":\"fr-FR\",\"potentialAction\":[{\"@type\":\"ReadAction\",\"target\":[\"https:\\\/\\\/dropy.app\\\/privacy-policy\\\/\"]}]},{\"@type\":\"ImageObject\",\"inLanguage\":\"fr-FR\",\"@id\":\"https:\\\/\\\/dropy.app\\\/privacy-policy\\\/#primaryimage\",\"url\":\"https:\\\/\\\/dropy.app\\\/wp-content\\\/uploads\\\/2026\\\/04\\\/dropy-app-1.png\",\"contentUrl\":\"https:\\\/\\\/dropy.app\\\/wp-content\\\/uploads\\\/2026\\\/04\\\/dropy-app-1.png\",\"width\":1385,\"height\":728},{\"@type\":\"BreadcrumbList\",\"@id\":\"https:\\\/\\\/dropy.app\\\/privacy-policy\\\/#breadcrumb\",\"itemListElement\":[{\"@type\":\"ListItem\",\"position\":1,\"name\":\"Home\",\"item\":\"https:\\\/\\\/dropy.app\\\/\"},{\"@type\":\"ListItem\",\"position\":2,\"name\":\"Privacy Policy\"}]},{\"@type\":\"WebSite\",\"@id\":\"https:\\\/\\\/dropy.app\\\/#website\",\"url\":\"https:\\\/\\\/dropy.app\\\/\",\"name\":\"Dropy\",\"description\":\"\",\"publisher\":{\"@id\":\"https:\\\/\\\/dropy.app\\\/#organization\"},\"potentialAction\":[{\"@type\":\"SearchAction\",\"target\":{\"@type\":\"EntryPoint\",\"urlTemplate\":\"https:\\\/\\\/dropy.app\\\/?s={search_term_string}\"},\"query-input\":{\"@type\":\"PropertyValueSpecification\",\"valueRequired\":true,\"valueName\":\"search_term_string\"}}],\"inLanguage\":\"fr-FR\"},{\"@type\":\"Organization\",\"@id\":\"https:\\\/\\\/dropy.app\\\/#organization\",\"name\":\"Dropy\",\"url\":\"https:\\\/\\\/dropy.app\\\/\",\"logo\":{\"@type\":\"ImageObject\",\"inLanguage\":\"fr-FR\",\"@id\":\"https:\\\/\\\/dropy.app\\\/#\\\/schema\\\/logo\\\/image\\\/\",\"url\":\"https:\\\/\\\/dropy.app\\\/wp-content\\\/uploads\\\/2026\\\/04\\\/Logo-3.svg\",\"contentUrl\":\"https:\\\/\\\/dropy.app\\\/wp-content\\\/uploads\\\/2026\\\/04\\\/Logo-3.svg\",\"width\":308,\"height\":74,\"caption\":\"Dropy\"},\"image\":{\"@id\":\"https:\\\/\\\/dropy.app\\\/#\\\/schema\\\/logo\\\/image\\\/\"}}]}<\/script>\n<!-- \/ Yoast SEO plugin. -->","yoast_head_json":{"title":"Privacy Policy | Dropy","description":"Information about how Dropy collects and processes personal data on this website.","robots":{"index":"index","follow":"follow","max-snippet":"max-snippet:-1","max-image-preview":"max-image-preview:large","max-video-preview":"max-video-preview:-1"},"canonical":"https:\/\/dropy.app\/fr\/privacy-policy\/","og_locale":"fr_FR","og_type":"article","og_title":"Privacy Policy | Dropy","og_description":"Information about how Dropy collects and processes personal data on this website.","og_url":"https:\/\/dropy.app\/fr\/privacy-policy\/","og_site_name":"Dropy","article_modified_time":"2026-04-18T20:04:57+00:00","og_image":[{"width":1385,"height":728,"url":"https:\/\/dropy.app\/wp-content\/uploads\/2026\/04\/dropy-app-1.png","type":"image\/png"}],"twitter_card":"summary_large_image","twitter_misc":{"Dur\u00e9e de lecture estim\u00e9e":"2 minutes"},"schema":{"@context":"https:\/\/schema.org","@graph":[{"@type":"WebPage","@id":"https:\/\/dropy.app\/privacy-policy\/","url":"https:\/\/dropy.app\/privacy-policy\/","name":"Privacy Policy | Dropy","isPartOf":{"@id":"https:\/\/dropy.app\/#website"},"primaryImageOfPage":{"@id":"https:\/\/dropy.app\/privacy-policy\/#primaryimage"},"image":{"@id":"https:\/\/dropy.app\/privacy-policy\/#primaryimage"},"thumbnailUrl":"https:\/\/dropy.app\/wp-content\/uploads\/2026\/04\/dropy-app-1.png","datePublished":"2024-07-03T17:29:36+00:00","dateModified":"2026-04-18T20:04:57+00:00","description":"Information about how Dropy collects and processes personal data on this website.","breadcrumb":{"@id":"https:\/\/dropy.app\/privacy-policy\/#breadcrumb"},"inLanguage":"fr-FR","potentialAction":[{"@type":"ReadAction","target":["https:\/\/dropy.app\/privacy-policy\/"]}]},{"@type":"ImageObject","inLanguage":"fr-FR","@id":"https:\/\/dropy.app\/privacy-policy\/#primaryimage","url":"https:\/\/dropy.app\/wp-content\/uploads\/2026\/04\/dropy-app-1.png","contentUrl":"https:\/\/dropy.app\/wp-content\/uploads\/2026\/04\/dropy-app-1.png","width":1385,"height":728},{"@type":"BreadcrumbList","@id":"https:\/\/dropy.app\/privacy-policy\/#breadcrumb","itemListElement":[{"@type":"ListItem","position":1,"name":"Home","item":"https:\/\/dropy.app\/"},{"@type":"ListItem","position":2,"name":"Privacy Policy"}]},{"@type":"WebSite","@id":"https:\/\/dropy.app\/#website","url":"https:\/\/dropy.app\/","name":"Dropy","description":"","publisher":{"@id":"https:\/\/dropy.app\/#organization"},"potentialAction":[{"@type":"SearchAction","target":{"@type":"EntryPoint","urlTemplate":"https:\/\/dropy.app\/?s={search_term_string}"},"query-input":{"@type":"PropertyValueSpecification","valueRequired":true,"valueName":"search_term_string"}}],"inLanguage":"fr-FR"},{"@type":"Organization","@id":"https:\/\/dropy.app\/#organization","name":"Dropy","url":"https:\/\/dropy.app\/","logo":{"@type":"ImageObject","inLanguage":"fr-FR","@id":"https:\/\/dropy.app\/#\/schema\/logo\/image\/","url":"https:\/\/dropy.app\/wp-content\/uploads\/2026\/04\/Logo-3.svg","contentUrl":"https:\/\/dropy.app\/wp-content\/uploads\/2026\/04\/Logo-3.svg","width":308,"height":74,"caption":"Dropy"},"image":{"@id":"https:\/\/dropy.app\/#\/schema\/logo\/image\/"}}]}},"_links":{"self":[{"href":"https:\/\/dropy.app\/fr\/wp-json\/wp\/v2\/pages\/3","targetHints":{"allow":["GET"]}}],"collection":[{"href":"https:\/\/dropy.app\/fr\/wp-json\/wp\/v2\/pages"}],"about":[{"href":"https:\/\/dropy.app\/fr\/wp-json\/wp\/v2\/types\/page"}],"author":[{"embeddable":true,"href":"https:\/\/dropy.app\/fr\/wp-json\/wp\/v2\/users\/1"}],"replies":[{"embeddable":true,"href":"https:\/\/dropy.app\/fr\/wp-json\/wp\/v2\/comments?post=3"}],"version-history":[{"count":8,"href":"https:\/\/dropy.app\/fr\/wp-json\/wp\/v2\/pages\/3\/revisions"}],"predecessor-version":[{"id":1289,"href":"https:\/\/dropy.app\/fr\/wp-json\/wp\/v2\/pages\/3\/revisions\/1289"}],"wp:featuredmedia":[{"embeddable":true,"href":"https:\/\/dropy.app\/fr\/wp-json\/wp\/v2\/media\/1288"}],"wp:attachment":[{"href":"https:\/\/dropy.app\/fr\/wp-json\/wp\/v2\/media?parent=3"}],"curies":[{"name":"wp","href":"https:\/\/api.w.org\/{rel}","templated":true}]}}